{"id":1260,"date":"2023-08-05T15:08:39","date_gmt":"2023-08-05T15:08:39","guid":{"rendered":"https:\/\/gilgaltransport.com\/configuracion-del-transportista\/"},"modified":"2023-08-09T21:10:43","modified_gmt":"2023-08-09T21:10:43","slug":"aplicacion-del-transportista","status":"publish","type":"page","link":"https:\/\/gilgaltransport.com\/es\/aplicacion-del-transportista\/","title":{"rendered":"Configuraci\u00f3n del transportista"},"content":{"rendered":"\t\t<div data-elementor-type=\"wp-page\" data-elementor-id=\"1260\" class=\"elementor elementor-1260 elementor-898\" data-elementor-post-type=\"page\">\n\t\t\t\t<div class=\"elementor-element elementor-element-e31bcfe e-con-full video-home e-flex e-con e-parent\" data-id=\"e31bcfe\" data-element_type=\"container\" data-e-type=\"container\" data-settings=\"{&quot;background_background&quot;:&quot;video&quot;,&quot;background_video_link&quot;:&quot;https:\\\/\\\/vimeo.com\\\/849571681?share=copy&quot;,&quot;background_play_on_mobile&quot;:&quot;yes&quot;}\">\n\t\t<div class=\"elementor-background-video-container\">\n\t\t\t\t\t\t\t<div class=\"elementor-background-video-embed\" role=\"presentation\"><\/div>\n\t\t\t\t\t\t<\/div><div class=\"elementor-element elementor-element-a35eb7b e-con-full e-flex e-con e-parent\" data-id=\"a35eb7b\" data-element_type=\"container\" data-e-type=\"container\" data-settings=\"{&quot;background_background&quot;:&quot;classic&quot;}\">\n\t\t<div class=\"elementor-element elementor-element-1d459a6 video-home e-flex e-con-boxed e-con e-parent\" data-id=\"1d459a6\" data-element_type=\"container\" data-e-type=\"container\">\n\t\t\t\t\t<div class=\"e-con-inner\">\n\t\t\t\t<div class=\"elementor-element elementor-element-62b2a58 elementor-widget-mobile__width-initial elementor-widget elementor-widget-heading\" data-id=\"62b2a58\" data-element_type=\"widget\" data-e-type=\"widget\" data-widget_type=\"heading.default\">\n\t\t\t\t<div class=\"elementor-widget-container\">\n\t\t\t\t\t<h1 class=\"elementor-heading-title elementor-size-default\">Aplicaci\u00f3n del Transportista\n<\/h1>\t\t\t\t<\/div>\n\t\t\t\t<\/div>\n\t\t\t\t\t<\/div>\n\t\t\t\t<\/div>\n\t\t\t\t<\/div>\n\t\t\t\t<\/div>\n\t\t<div class=\"elementor-element elementor-element-64cdcf6 e-flex e-con-boxed e-con e-parent\" data-id=\"64cdcf6\" data-element_type=\"container\" data-e-type=\"container\">\n\t\t\t\t\t<div class=\"e-con-inner\">\n\t\t<div class=\"elementor-element elementor-element-db45b79 e-flex e-con-boxed e-con e-parent\" data-id=\"db45b79\" data-element_type=\"container\" data-e-type=\"container\">\n\t\t\t\t\t<div class=\"e-con-inner\">\n\t\t\t\t<div class=\"elementor-element elementor-element-c6310f8 elementor-widget elementor-widget-heading\" data-id=\"c6310f8\" data-element_type=\"widget\" data-e-type=\"widget\" data-widget_type=\"heading.default\">\n\t\t\t\t<div class=\"elementor-widget-container\">\n\t\t\t\t\t<h2 class=\"elementor-heading-title elementor-size-default\">Paso 1<\/h2>\t\t\t\t<\/div>\n\t\t\t\t<\/div>\n\t\t\t\t<div class=\"elementor-element elementor-element-14ac6e0 elementor-widget elementor-widget-text-editor\" data-id=\"14ac6e0\" data-element_type=\"widget\" data-e-type=\"widget\" data-widget_type=\"text-editor.default\">\n\t\t\t\t<div class=\"elementor-widget-container\">\n\t\t\t\t\t\t\t\t\t<p class=\"size-18 m-size-14\"><span class=\"font-size-18 m-font-size-14\">Complete la configuraci\u00f3n del transportista a continuaci\u00f3n. No olvide adjuntar su <\/span><span class=\"font-size-18 m-font-size-14\">Autoridad MC<\/span><span class=\"font-size-18 m-font-size-14\">, <\/span><span class=\"font-size-18 m-font-size-14\">W9<\/span><span class=\"font-size-18 m-font-size-14\"> &amp; <\/span><span class=\"font-size-18 m-font-size-14\">Seguro<\/span><span class=\"font-size-18 m-font-size-14\">.<\/span><\/p>\t\t\t\t\t\t\t\t<\/div>\n\t\t\t\t<\/div>\n\t\t\t\t\t<\/div>\n\t\t\t\t<\/div>\n\t\t\t\t\t<\/div>\n\t\t\t\t<\/div>\n\t\t<div class=\"elementor-element elementor-element-283a2e1 e-flex e-con-boxed e-con e-parent\" data-id=\"283a2e1\" data-element_type=\"container\" data-e-type=\"container\">\n\t\t\t\t\t<div class=\"e-con-inner\">\n\t\t\t\t<div class=\"elementor-element elementor-element-ab79b26 elementor-widget elementor-widget-html\" data-id=\"ab79b26\" data-element_type=\"widget\" data-e-type=\"widget\" data-widget_type=\"html.default\">\n\t\t\t\t<div class=\"elementor-widget-container\">\n\t\t\t\t\t<script type=\"text\/javascript\" src=\"https:\/\/form.jotform.com\/jsform\/232164406319048\"><\/script>\t\t\t\t<\/div>\n\t\t\t\t<\/div>\n\t\t\t\t\t<\/div>\n\t\t\t\t<\/div>\n\t\t<div class=\"elementor-element elementor-element-5a05a97 e-con-full e-flex e-con e-parent\" data-id=\"5a05a97\" data-element_type=\"container\" data-e-type=\"container\" data-settings=\"{&quot;background_background&quot;:&quot;classic&quot;}\">\n\t\t<div class=\"elementor-element elementor-element-6237fd8 e-flex e-con-boxed e-con e-parent\" data-id=\"6237fd8\" data-element_type=\"container\" data-e-type=\"container\">\n\t\t\t\t\t<div class=\"e-con-inner\">\n\t\t<div class=\"elementor-element elementor-element-cad6a47 e-con-full e-flex e-con e-parent\" data-id=\"cad6a47\" data-element_type=\"container\" data-e-type=\"container\">\n\t\t<div class=\"elementor-element elementor-element-2e69fce e-con-full e-flex e-con e-parent\" data-id=\"2e69fce\" data-element_type=\"container\" data-e-type=\"container\">\n\t\t\t\t<div class=\"elementor-element elementor-element-a1ba6b7 elementor-invisible elementor-widget elementor-widget-heading\" data-id=\"a1ba6b7\" data-element_type=\"widget\" data-e-type=\"widget\" data-settings=\"{&quot;_animation&quot;:&quot;slideInUp&quot;}\" data-widget_type=\"heading.default\">\n\t\t\t\t<div class=\"elementor-widget-container\">\n\t\t\t\t\t<h2 class=\"elementor-heading-title elementor-size-default\">Somos la empresa de env\u00edos adecuada que puede ayudarle a crecer. Otros podr\u00edan ponerlo en quiebra en un instante.<\/h2>\t\t\t\t<\/div>\n\t\t\t\t<\/div>\n\t\t\t\t<\/div>\n\t\t\t\t<\/div>\n\t\t\t\t\t<\/div>\n\t\t\t\t<\/div>\n\t\t\t\t<\/div>\n\t\t<div class=\"elementor-element elementor-element-86bf16b e-flex e-con-boxed e-con e-parent\" data-id=\"86bf16b\" data-element_type=\"container\" data-e-type=\"container\">\n\t\t\t\t\t<div class=\"e-con-inner\">\n\t\t<div class=\"elementor-element elementor-element-d17cd11 e-flex e-con-boxed e-con e-parent\" data-id=\"d17cd11\" data-element_type=\"container\" data-e-type=\"container\">\n\t\t\t\t\t<div class=\"e-con-inner\">\n\t\t\t\t<div class=\"elementor-element elementor-element-10af408 elementor-widget elementor-widget-heading\" data-id=\"10af408\" data-element_type=\"widget\" data-e-type=\"widget\" data-widget_type=\"heading.default\">\n\t\t\t\t<div class=\"elementor-widget-container\">\n\t\t\t\t\t<h2 class=\"elementor-heading-title elementor-size-default\">Paso 2<\/h2>\t\t\t\t<\/div>\n\t\t\t\t<\/div>\n\t\t\t\t<div class=\"elementor-element elementor-element-13b337a elementor-widget elementor-widget-text-editor\" data-id=\"13b337a\" data-element_type=\"widget\" data-e-type=\"widget\" data-widget_type=\"text-editor.default\">\n\t\t\t\t<div class=\"elementor-widget-container\">\n\t\t\t\t\t\t\t\t\t<p class=\"size-18 m-size-14\">Una vez que recibamos su formulario completo, le enviaremos por correo electr\u00f3nico un Acuerdo de Servicio de Despacho junto con un Poder General (Agente) y estar\u00e1 listo.<\/p>\t\t\t\t\t\t\t\t<\/div>\n\t\t\t\t<\/div>\n\t\t\t\t\t<\/div>\n\t\t\t\t<\/div>\n\t\t\t\t\t<\/div>\n\t\t\t\t<\/div>\n\t\t<div class=\"elementor-element elementor-element-63b5f52 e-flex e-con-boxed e-con e-parent\" data-id=\"63b5f52\" data-element_type=\"container\" data-e-type=\"container\">\n\t\t\t\t\t<div class=\"e-con-inner\">\n\t\t\t\t<div class=\"elementor-element elementor-element-dbe0f33 elementor-widget elementor-widget-shortcode\" data-id=\"dbe0f33\" data-element_type=\"widget\" data-e-type=\"widget\" data-widget_type=\"shortcode.default\">\n\t\t\t\t<div class=\"elementor-widget-container\">\n\t\t\t\t\t\t\t<div class=\"elementor-shortcode\">\t\t<div data-elementor-type=\"container\" data-elementor-id=\"1648\" class=\"elementor elementor-1648\" data-elementor-post-type=\"elementor_library\">\n\t\t\t\t<div class=\"elementor-element elementor-element-3750e44 margin e-flex e-con-boxed e-con e-parent\" data-id=\"3750e44\" data-element_type=\"container\" data-e-type=\"container\">\n\t\t\t\t\t<div class=\"e-con-inner\">\n\t\t<div class=\"elementor-element elementor-element-4172c289 e-con-full e-flex e-con e-parent\" data-id=\"4172c289\" data-element_type=\"container\" data-e-type=\"container\">\n\t\t\t\t<div class=\"elementor-element elementor-element-5feccc48 elementor-view-default elementor-position-block-start elementor-mobile-position-block-start elementor-widget elementor-widget-icon-box\" data-id=\"5feccc48\" data-element_type=\"widget\" data-e-type=\"widget\" data-widget_type=\"icon-box.default\">\n\t\t\t\t<div class=\"elementor-widget-container\">\n\t\t\t\t\t\t\t<div class=\"elementor-icon-box-wrapper\">\n\n\t\t\t\t\t\t<div class=\"elementor-icon-box-icon\">\n\t\t\t\t<a href=\"tel:7867060750\" title=\"Ll\u00e1manos\" class=\"elementor-icon\" tabindex=\"-1\" aria-label=\"Ll\u00e1manos\">\n\t\t\t\t<i aria-hidden=\"true\" class=\"fas fa-phone-volume\"><\/i>\t\t\t\t<\/a>\n\t\t\t<\/div>\n\t\t\t\n\t\t\t\t\t\t<div class=\"elementor-icon-box-content\">\n\n\t\t\t\t\t\t\t\t\t<div class=\"elementor-icon-box-title\">\n\t\t\t\t\t\t<a href=\"tel:7867060750\" title=\"Ll\u00e1manos\" >\n\t\t\t\t\t\t\tLl\u00e1manos\t\t\t\t\t\t<\/a>\n\t\t\t\t\t<\/div>\n\t\t\t\t\n\t\t\t\t\t\t\t\t\t<p class=\"elementor-icon-box-description\">\n\t\t\t\t\t\tNo dude en llamarnos.  \t\t\t\t\t<\/p>\n\t\t\t\t\n\t\t\t<\/div>\n\t\t\t\n\t\t<\/div>\n\t\t\t\t\t\t<\/div>\n\t\t\t\t<\/div>\n\t\t\t\t<div class=\"elementor-element elementor-element-2eda97b6 elementor-widget elementor-widget-text-editor\" data-id=\"2eda97b6\" data-element_type=\"widget\" data-e-type=\"widget\" data-widget_type=\"text-editor.default\">\n\t\t\t\t<div class=\"elementor-widget-container\">\n\t\t\t\t\t\t\t\t\t<p><strong><a id=\"1316411249\" class=\"u_1316411249 align-center dmButtonLink dmWidget dmWwr default dmOnlyButton dmDefaultGradient\" href=\"tel:7867060750\" target=\"_blank\" rel=\"noopener\" data-display-type=\"block\" data-element-type=\"dButtonLinkId\"><span id=\"1315094615\" class=\"text\">(786) 706-0750<\/span><\/a><\/strong><\/p>\n\t\t\t\t\t\t\t\t<\/div>\n\t\t\t\t<\/div>\n\t\t\t\t<\/div>\n\t\t<div class=\"elementor-element elementor-element-2581fbb8 e-con-full e-flex e-con e-parent\" data-id=\"2581fbb8\" data-element_type=\"container\" data-e-type=\"container\">\n\t\t\t\t<div class=\"elementor-element elementor-element-29a72f81 elementor-view-default elementor-position-block-start elementor-mobile-position-block-start elementor-widget elementor-widget-icon-box\" data-id=\"29a72f81\" data-element_type=\"widget\" data-e-type=\"widget\" data-widget_type=\"icon-box.default\">\n\t\t\t\t<div class=\"elementor-widget-container\">\n\t\t\t\t\t\t\t<div class=\"elementor-icon-box-wrapper\">\n\n\t\t\t\t\t\t<div class=\"elementor-icon-box-icon\">\n\t\t\t\t<a href=\"https:\/\/web.whatsapp.com\/send?phone=17864071742&#038;text=Hello!%20I%20have%20visited%20your%20site.%20Could%20you%20contact%20me%3F\" title=\"Whatsapp\" class=\"elementor-icon\" tabindex=\"-1\" aria-label=\"Whatsapp\" target=\"_blank\" rel=\"noopener\">\n\t\t\t\t<i aria-hidden=\"true\" class=\"fab fa-whatsapp\"><\/i>\t\t\t\t<\/a>\n\t\t\t<\/div>\n\t\t\t\n\t\t\t\t\t\t<div class=\"elementor-icon-box-content\">\n\n\t\t\t\t\t\t\t\t\t<div class=\"elementor-icon-box-title\">\n\t\t\t\t\t\t<a href=\"https:\/\/web.whatsapp.com\/send?phone=17864071742&#038;text=Hello!%20I%20have%20visited%20your%20site.%20Could%20you%20contact%20me%3F\" title=\"Whatsapp\" target=\"_blank\" rel=\"noopener\">\n\t\t\t\t\t\t\tWhatsapp\t\t\t\t\t\t<\/a>\n\t\t\t\t\t<\/div>\n\t\t\t\t\n\t\t\t\t\t\t\t\t\t<p class=\"elementor-icon-box-description\">\n\t\t\t\t\t\tPara consultas y preguntas r\u00e1pidas,  \n\np\u00f3ngase en contacto con nosotros a trav\u00e9s de whatsapp.\t\t\t\t\t<\/p>\n\t\t\t\t\n\t\t\t<\/div>\n\t\t\t\n\t\t<\/div>\n\t\t\t\t\t\t<\/div>\n\t\t\t\t<\/div>\n\t\t\t\t<div class=\"elementor-element elementor-element-63337b2f elementor-widget elementor-widget-text-editor\" data-id=\"63337b2f\" data-element_type=\"widget\" data-e-type=\"widget\" data-widget_type=\"text-editor.default\">\n\t\t\t\t<div class=\"elementor-widget-container\">\n\t\t\t\t\t\t\t\t\t<p><a href=\"https:\/\/web.whatsapp.com\/send?phone=17864071742&amp;text=Hello!%20I%20have%20visited%20your%20site.%20Could%20you%20contact%20me%3F\" target=\"_blank\" rel=\"noopener\"><b>Texto<\/b><\/a><\/p>\n\t\t\t\t\t\t\t\t<\/div>\n\t\t\t\t<\/div>\n\t\t\t\t<\/div>\n\t\t<div class=\"elementor-element elementor-element-4a21331c e-con-full e-flex e-con e-parent\" data-id=\"4a21331c\" data-element_type=\"container\" data-e-type=\"container\">\n\t\t\t\t<div class=\"elementor-element elementor-element-4090a484 elementor-view-default elementor-position-block-start elementor-mobile-position-block-start elementor-widget elementor-widget-icon-box\" data-id=\"4090a484\" data-element_type=\"widget\" data-e-type=\"widget\" data-widget_type=\"icon-box.default\">\n\t\t\t\t<div class=\"elementor-widget-container\">\n\t\t\t\t\t\t\t<div class=\"elementor-icon-box-wrapper\">\n\n\t\t\t\t\t\t<div class=\"elementor-icon-box-icon\">\n\t\t\t\t<a href=\"mailto:dispatch@gilgaltransport.com\" title=\"Env\u00edenos un correo\" class=\"elementor-icon\" tabindex=\"-1\" aria-label=\"Env\u00edenos un correo electr\u00f3nico\">\n\t\t\t\t<i aria-hidden=\"true\" class=\"icon icon-email1\"><\/i>\t\t\t\t<\/a>\n\t\t\t<\/div>\n\t\t\t\n\t\t\t\t\t\t<div class=\"elementor-icon-box-content\">\n\n\t\t\t\t\t\t\t\t\t<div class=\"elementor-icon-box-title\">\n\t\t\t\t\t\t<a href=\"mailto:dispatch@gilgaltransport.com\" title=\"Env\u00edenos un correo\" >\n\t\t\t\t\t\t\tEnv\u00edenos un correo electr\u00f3nico\t\t\t\t\t\t<\/a>\n\t\t\t\t\t<\/div>\n\t\t\t\t\n\t\t\t\t\t\t\t\t\t<p class=\"elementor-icon-box-description\">\n\t\t\t\t\t\tPara consultas y preguntas generales,  \n\ncontacte con nosotros por correo electr\u00f3nico\t\t\t\t\t<\/p>\n\t\t\t\t\n\t\t\t<\/div>\n\t\t\t\n\t\t<\/div>\n\t\t\t\t\t\t<\/div>\n\t\t\t\t<\/div>\n\t\t\t\t<div class=\"elementor-element elementor-element-3ea7cfe9 elementor-widget elementor-widget-text-editor\" data-id=\"3ea7cfe9\" data-element_type=\"widget\" data-e-type=\"widget\" data-widget_type=\"text-editor.default\">\n\t\t\t\t<div class=\"elementor-widget-container\">\n\t\t\t\t\t\t\t\t\t<p><strong><a id=\"1213299403\" class=\"u_1213299403 align-center dmButtonLink dmWidget dmWwr default dmOnlyButton dmDefaultGradient\" href=\"mailto:dispatch@gilgaltransport.com\" target=\"_blank\" rel=\"noopener\" data-display-type=\"block\" data-element-type=\"dButtonLinkId\"><span id=\"1966563504\" class=\"text\">dispatch@gilgaltransport.com<\/span><\/a><\/strong><\/p>\n\t\t\t\t\t\t\t\t<\/div>\n\t\t\t\t<\/div>\n\t\t\t\t<\/div>\n\t\t\t\t\t<\/div>\n\t\t\t\t<\/div>\n\t\t\t\t<\/div>\n\t\t<\/div>\n\t\t\t\t\t\t<\/div>\n\t\t\t\t<\/div>\n\t\t\t\t\t<\/div>\n\t\t\t\t<\/div>\n\t\t\t\t<\/div>\n\t\t","protected":false},"excerpt":{"rendered":"<p>Aplicaci\u00f3n del Transportista Paso 1 Complete la configuraci\u00f3n del transportista a continuaci\u00f3n. No olvide adjuntar su Autoridad MC, W9 &amp; Seguro. Somos la empresa de env\u00edos adecuada que puede ayudarle a crecer. Otros podr\u00edan ponerlo en quiebra en un instante. Paso 2 Una vez que recibamos su formulario completo, le enviaremos por correo electr\u00f3nico un [&hellip;]<\/p>\n","protected":false},"author":1,"featured_media":0,"parent":0,"menu_order":0,"comment_status":"closed","ping_status":"closed","template":"elementor_header_footer","meta":{"footnotes":""},"class_list":["post-1260","page","type-page","status-publish","hentry"],"_links":{"self":[{"href":"https:\/\/gilgaltransport.com\/es\/wp-json\/wp\/v2\/pages\/1260","targetHints":{"allow":["GET"]}}],"collection":[{"href":"https:\/\/gilgaltransport.com\/es\/wp-json\/wp\/v2\/pages"}],"about":[{"href":"https:\/\/gilgaltransport.com\/es\/wp-json\/wp\/v2\/types\/page"}],"author":[{"embeddable":true,"href":"https:\/\/gilgaltransport.com\/es\/wp-json\/wp\/v2\/users\/1"}],"replies":[{"embeddable":true,"href":"https:\/\/gilgaltransport.com\/es\/wp-json\/wp\/v2\/comments?post=1260"}],"version-history":[{"count":13,"href":"https:\/\/gilgaltransport.com\/es\/wp-json\/wp\/v2\/pages\/1260\/revisions"}],"predecessor-version":[{"id":1659,"href":"https:\/\/gilgaltransport.com\/es\/wp-json\/wp\/v2\/pages\/1260\/revisions\/1659"}],"wp:attachment":[{"href":"https:\/\/gilgaltransport.com\/es\/wp-json\/wp\/v2\/media?parent=1260"}],"curies":[{"name":"wp","href":"https:\/\/api.w.org\/{rel}","templated":true}]}}